{"id":47,"date":"2020-02-24T12:38:43","date_gmt":"2020-02-24T12:38:43","guid":{"rendered":"https:\/\/offmarketmadrid.com\/?page_id=47"},"modified":"2020-02-24T16:33:28","modified_gmt":"2020-02-24T16:33:28","slug":"politica-de-cookies","status":"publish","type":"page","link":"https:\/\/offmarketmadrid.com\/index.php\/politica-de-cookies\/","title":{"rendered":"Pol\u00edtica de Cookies"},"content":{"rendered":"<p>[et_pb_section fb_built=\u00bb1&#8243; fullwidth=\u00bbon\u00bb disabled_on=\u00bbon|on|off\u00bb _builder_version=\u00bb4.0.4&#8243;][et_pb_fullwidth_slider _builder_version=\u00bb4.0.4&#8243; header_font=\u00bb|700|||||||\u00bb header_font_size=\u00bb26px\u00bb body_font=\u00bb|700|||||||\u00bb body_text_align=\u00bbcenter\u00bb body_font_size=\u00bb59px\u00bb custom_padding=\u00bb||303px|||\u00bb][et_pb_slide heading=\u00bbGESTI\u00d3N, CONFIANZA Y COMPRA DE ACTIVOS INMOBILIARIOS\u00bb _builder_version=\u00bb4.0.4&#8243; background_enable_color=\u00bboff\u00bb background_image=\u00bbhttps:\/\/offmarketmadrid.com\/wp-content\/uploads\/2020\/02\/offmarketmadrid-1003-OSCURA.jpg\u00bb background_enable_image=\u00bbon\u00bb parallax=\u00bbon\u00bb]<\/p>\n<p>&nbsp;<\/p>\n<p>MADRID<\/p>\n<p>[\/et_pb_slide][\/et_pb_fullwidth_slider][\/et_pb_section][et_pb_section fb_built=\u00bb1&#8243; fullwidth=\u00bbon\u00bb disabled_on=\u00bboff|off|on\u00bb _builder_version=\u00bb4.0.4&#8243;][et_pb_fullwidth_slider _builder_version=\u00bb4.0.4&#8243; header_font=\u00bb|700|||||||\u00bb header_font_size=\u00bb26px\u00bb header_line_height=\u00bb1.7em\u00bb body_font=\u00bb|700|||||||\u00bb body_text_align=\u00bbcenter\u00bb body_font_size=\u00bb59px\u00bb custom_padding=\u00bb121px||218px|||\u00bb body_font_size_tablet=\u00bb\u00bb body_font_size_phone=\u00bb63px\u00bb body_font_size_last_edited=\u00bbon|phone\u00bb][et_pb_slide heading=\u00bbGESTI\u00d3N, CONFIANZA Y COMPRA DE ACTIVOS INMOBILIARIOS\u00bb _builder_version=\u00bb4.0.4&#8243; background_enable_color=\u00bboff\u00bb background_image=\u00bbhttps:\/\/offmarketmadrid.com\/wp-content\/uploads\/2020\/02\/offmarketmadrid-2.jpg\u00bb background_enable_image=\u00bbon\u00bb]<\/p>\n<p>&nbsp;<\/p>\n<p>MADRID<\/p>\n<p>[\/et_pb_slide][\/et_pb_fullwidth_slider][\/et_pb_section][et_pb_section fb_built=\u00bb1&#8243; _builder_version=\u00bb4.0.4&#8243; locked=\u00bboff\u00bb][et_pb_row _builder_version=\u00bb4.0.4&#8243;][et_pb_column type=\u00bb4_4&#8243; _builder_version=\u00bb4.0.4&#8243;][et_pb_text _builder_version=\u00bb4.0.4&#8243; hover_enabled=\u00bb0&#8243;]<\/p>\n<h3><strong>Pol\u00edtica de Cookies <\/strong><\/h3>\n<p><a href=\"https:\/\/offmarketmadrid.com\">https:\/\/offmarketmadrid.com<\/a> utiliza cookies con la finalidad de prestarle una mejor experiencia en su navegaci\u00f3n. Asimismo, en caso de que preste su consentimiento, utilizaremos cookies que nos permitan obtener m\u00e1s informaci\u00f3n acerca de sus preferencias y personalizar nuestro Sitio Web de conformidad con sus intereses individuales, para que tenga una navegaci\u00f3n m\u00e1s fluida y personalizada.<\/p>\n<p>Desde Off Market Madrid queremos informarle de manera clara y precisa sobre las cookies que utilizamos en nuestro sitio web. En caso de que quiera obtener m\u00e1s informaci\u00f3n sobre el uso y la finalidad que hacemos de las cookies implementadas en nuestro sitio web, puede escribir un correo electr\u00f3nico a <a href=\"mailto:juan.m.correro@gmail.com\">juan.m.correro@gmail.com<\/a><\/p>\n<p><strong>\u00bfQu\u00e9 es una cookie?<\/strong><\/p>\n<p>Una cookie es un peque\u00f1o archivo que se descarga en el ordenador, tablet o smartphone del usuario, con la finalidad de almacenar datos e informaci\u00f3n que podr\u00e1n ser actualizados y recuperados por la entidad responsable de su instalaci\u00f3n.<\/p>\n<p>La informaci\u00f3n recabada a trav\u00e9s de las cookies puede incluir la fecha y hora de visitas al sitio web, las distintas pesta\u00f1as que usted ha visionado o el tiempo que ha permanecido en el mismo.<\/p>\n<p><strong>\u00bfQu\u00e9 tipos de cookies utiliza este sitio web?<\/strong><\/p>\n<p><strong>Cookies propias<\/strong><\/p>\n<p>Estas tipolog\u00edas de cookies son enviadas a su ordenador y gestionadas exclusivamente por nosotros para el mejor funcionamiento del sitio web. La informaci\u00f3n que recabamos se emplea para mejorar la calidad de nuestro servicio y su experiencia como usuario.<\/p>\n<table width=\"100%\">\n<tbody>\n<tr>\n<td width=\"121\">\n<p><strong>Cookie<\/strong><\/p>\n<\/td>\n<td width=\"183\">\n<p><strong>Nombre<\/strong><\/p>\n<\/td>\n<td width=\"198\">\n<p><strong>Finalidad<\/strong><\/p>\n<\/td>\n<td width=\"168\">\n<p><strong>M\u00e1s informaci\u00f3n<\/strong><\/p>\n<\/td>\n<\/tr>\n<tr>\n<td width=\"97\">\n<p>cookies_accept<\/p>\n<\/td>\n<td width=\"146\">\n<p>N\/A<\/p>\n<\/td>\n<td width=\"158\">\n<p>Almacenan las preferencias sobre cookies elegidas por el usuario.<\/p>\n<\/td>\n<td width=\"134\">\n<p><a href=\"https:\/\/psnsocimi.es\/politica-de-cookies\/\">Pol\u00edtica de cookies de PSN <\/a><\/p>\n<\/td>\n<\/tr>\n<\/tbody>\n<\/table>\n<p>&nbsp;<\/p>\n<p><strong>Cookies de terceros<\/strong><\/p>\n<p>Son aquellas que se env\u00edan a su equipo desde un equipo o dominio que no es gestionado por nosotros, sino por otra entidad colaboradora. Las cookies anal\u00edticas utilizadas por Google, o las utilizadas por las redes sociales para ofrecer al usuario la posibilidad de compartir o recomendar contenidos de nuestra p\u00e1gina web en las mismas.<\/p>\n<table width=\"100%\">\n<tbody>\n<tr>\n<td width=\"121\">\n<p><strong>Cookie<\/strong><\/p>\n<\/td>\n<td width=\"183\">\n<p><strong>Tipo<\/strong><\/p>\n<\/td>\n<td width=\"198\">\n<p><strong>Finalidad<\/strong><\/p>\n<\/td>\n<td width=\"168\">\n<p><strong>M\u00e1s informaci\u00f3n<\/strong><\/p>\n<\/td>\n<\/tr>\n<tr>\n<td width=\"97\">\n<p>Google Analytics<\/p>\n<\/td>\n<td width=\"146\">\n<p>An\u00e1lisis web<\/p>\n<\/td>\n<td width=\"158\">\n<p>Permite que los propietarios de sitios web conozcan c\u00f3mo interact\u00faan los usuarios con su sitio web. Asimismo, habilita cookies en el dominio del sitio en el que te encuentras y utiliza un conjunto de cookies denominadas \u201c__utma\u201d y \u201c__utmz\u201d para recopilar informaci\u00f3n de forma an\u00f3nima y elaborar informes de tendencias de sitios web sin identificar a usuarios individuales.<\/p>\n<\/td>\n<td width=\"134\">\n<p><a href=\"https:\/\/developers.google.com\/analytics\/devguides\/collection\/analyticsjs\/cookie-usage\">Info. de Google<\/a><\/p>\n<\/td>\n<\/tr>\n<\/tbody>\n<\/table>\n<p>&nbsp;<\/p>\n<p><strong>\u00bfC\u00f3mo puedo configurar o deshabilitar las cookies que utiliza este sitio web?<\/strong><\/p>\n<p>Para restringir o bloquear las cookies, usted deber\u00e1 modificar la configuraci\u00f3n del navegador que utilice en su equipo. Con car\u00e1cter general los navegadores ofrecen las siguientes opciones de configuraci\u00f3n en relaci\u00f3n a la instalaci\u00f3n de cookies:<\/p>\n<p>\u2013 Internet Explorer:\u00a0http:\/\/windows.microsoft.com\/is-IS\/windows7\/How-to-manage-cookies-in-Internet-Explorer-9<\/p>\n<p>\u2013 Firefox:\u00a0http:\/\/support.mozilla.org\/en-US\/kb\/Cookies<\/p>\n<p>\u2013 Chrome:\u00a0http:\/\/support.google.com\/chrome\/bin\/answer.py?hl=en&amp;answer=95647<\/p>\n<p>\u2013 Safari:\u00a0http:\/\/support.apple.com\/kb\/PH5042\u00a0(y para iOS \u2013\u00a0http:\/\/support.apple.com\/kb\/HT1677)<\/p>\n<p>Si se impide la instalaci\u00f3n de todas las cookies de la p\u00e1gina web, algunas funcionalidades de la misma, as\u00ed como algunos contenidos pueden verse afectados.<\/p>\n<p><strong>Cambios en la Pol\u00edtica de cookies<\/strong><\/p>\n<p>Es posible que actualicemos la Pol\u00edtica de Cookies de nuestro sitio web, por ello le recomendamos revisar esta pol\u00edtica cada vez que acceda a nuestro Sitio Web con el objetivo de estar adecuadamente informado sobre c\u00f3mo y para qu\u00e9 usamos las cookies.<\/p>\n<p>La Pol\u00edtica de Cookies de esta web se actualiz\u00f3 por \u00faltima vez a fecha 12 de febrero de 2020.<\/p>\n<p>[\/et_pb_text][\/et_pb_column][\/et_pb_row][\/et_pb_section][et_pb_section fb_built=\u00bb1&#8243; disabled_on=\u00bbon|on|off\u00bb _builder_version=\u00bb4.0.4&#8243; custom_margin=\u00bb0px||0px||false|false\u00bb custom_padding=\u00bb0px||0px||false|false\u00bb][et_pb_row _builder_version=\u00bb4.0.4&#8243; custom_padding=\u00bb||5px|||\u00bb][et_pb_column type=\u00bb4_4&#8243; _builder_version=\u00bb4.0.4&#8243;][et_pb_text _builder_version=\u00bb4.0.4&#8243; text_text_color=\u00bb#7f7f7f\u00bb text_font_size=\u00bb13px\u00bb text_line_height=\u00bb1em\u00bb text_orientation=\u00bbcenter\u00bb min_height=\u00bb72px\u00bb custom_margin=\u00bb||-1px|||\u00bb]<\/p>\n<p style=\"text-align: center;\"><span style=\"color: #999999;\">Dise\u00f1ado por <a style=\"color: #999999;\" href=\"https:\/\/digital360.es\/\" target=\"_blank\" rel=\"noopener noreferrer\">DIGITAL 360<\/a> | Copyright \u00a9 2020 Off Market Madrid \u2013 C\/ Vel\u00e1zquez N\u00ba53, 2\u00baIzda.<\/span><\/p>\n<p style=\"text-align: center;\"><span style=\"color: #999999;\">__________________________________________________________________________________________________________________<\/span><\/p>\n<p style=\"text-align: center;\"><span style=\"color: #808080;\"><a style=\"color: #808080;\" href=\"https:\/\/offmarketmadrid.com\/index.php\/aviso-legal\/\" target=\"_blank\" rel=\"noopener noreferrer\">Aviso legal<\/a>\u00a0\u00a0\u00a0\u00a0\u00a0 <a style=\"color: #808080;\" href=\"https:\/\/offmarketmadrid.com\/index.php\/politica-de-privacidad\/\" target=\"_blank\" rel=\"noopener noreferrer\">Pol\u00edtica de privacidad\u00a0\u00a0<\/a>\u00a0\u00a0\u00a0 <\/span><a href=\"https:\/\/offmarketmadrid.com\/index.php\/politica-de-cookies\/\" target=\"_blank\" rel=\"noopener noreferrer\"><span style=\"color: #808080;\">Pol\u00edtica de cookies<\/span><\/a><\/p>\n<p style=\"text-align: center;\">[\/et_pb_text][\/et_pb_column][\/et_pb_row][\/et_pb_section][et_pb_section fb_built=\u00bb1&#8243; disabled_on=\u00bboff|off|on\u00bb _builder_version=\u00bb4.0.4&#8243; custom_margin=\u00bb0px||0px||false|false\u00bb custom_padding=\u00bb0px||0px||false|false\u00bb][et_pb_row _builder_version=\u00bb4.0.4&#8243; custom_padding=\u00bb||5px|||\u00bb][et_pb_column type=\u00bb4_4&#8243; _builder_version=\u00bb4.0.4&#8243;][et_pb_text _builder_version=\u00bb4.0.4&#8243; text_text_color=\u00bb#7f7f7f\u00bb text_font_size=\u00bb13px\u00bb text_line_height=\u00bb1em\u00bb header_3_font_size=\u00bb10px\u00bb text_orientation=\u00bbcenter\u00bb min_height=\u00bb72px\u00bb custom_margin=\u00bb||-1px|||\u00bb text_line_height_tablet=\u00bb\u00bb text_line_height_phone=\u00bb1.3em\u00bb text_line_height_last_edited=\u00bbon|phone\u00bb]<\/p>\n<p style=\"text-align: center;\"><span style=\"color: #999999;\">Dise\u00f1ado por <a style=\"color: #999999;\" href=\"https:\/\/digital360.es\/\" target=\"_blank\" rel=\"noopener noreferrer\">DIGITAL 360<\/a> | Copyright \u00a9 2020 Off Market Madrid \u2013 C\/ Vel\u00e1zquez N\u00ba53, 2\u00baIzda.<\/span><\/p>\n<p style=\"text-align: center;\"><span style=\"color: #999999;\">___________________________<\/span><\/p>\n<h3 style=\"text-align: center;\"><span style=\"color: #808080;\"><a style=\"color: #808080;\" href=\"https:\/\/offmarketmadrid.com\/index.php\/aviso-legal\/\" target=\"_blank\" rel=\"noopener noreferrer\">Aviso legal<\/a>\u00a0\u00a0\u00a0\u00a0\u00a0 <a style=\"color: #808080;\" href=\"https:\/\/offmarketmadrid.com\/index.php\/politica-de-privacidad\/\" target=\"_blank\" rel=\"noopener noreferrer\">Pol\u00edtica de privacidad\u00a0\u00a0<\/a>\u00a0\u00a0\u00a0 <\/span><a href=\"https:\/\/offmarketmadrid.com\/index.php\/politica-de-cookies\/\" target=\"_blank\" rel=\"noopener noreferrer\"><span style=\"color: #808080;\">Pol\u00edtica de cookies<\/span><\/a><\/h3>\n<p style=\"text-align: center;\">[\/et_pb_text][\/et_pb_column][\/et_pb_row][\/et_pb_section]<\/p>\n","protected":false},"excerpt":{"rendered":"<p>&nbsp; MADRID&nbsp; MADRIDPol\u00edtica de Cookies https:\/\/offmarketmadrid.com utiliza cookies con la finalidad de prestarle una mejor experiencia en su navegaci\u00f3n. Asimismo, en caso de que preste su consentimiento, utilizaremos cookies que nos permitan obtener m\u00e1s informaci\u00f3n acerca de sus preferencias y personalizar nuestro Sitio Web de conformidad con sus intereses individuales, para que tenga una navegaci\u00f3n [&hellip;]<\/p>\n","protected":false},"author":1,"featured_media":0,"parent":0,"menu_order":0,"comment_status":"closed","ping_status":"closed","template":"","meta":{"_et_pb_use_builder":"on","_et_pb_old_content":"","_et_gb_content_width":"","footnotes":""},"_links":{"self":[{"href":"https:\/\/offmarketmadrid.com\/index.php\/wp-json\/wp\/v2\/pages\/47"}],"collection":[{"href":"https:\/\/offmarketmadrid.com\/index.php\/wp-json\/wp\/v2\/pages"}],"about":[{"href":"https:\/\/offmarketmadrid.com\/index.php\/wp-json\/wp\/v2\/types\/page"}],"author":[{"embeddable":true,"href":"https:\/\/offmarketmadrid.com\/index.php\/wp-json\/wp\/v2\/users\/1"}],"replies":[{"embeddable":true,"href":"https:\/\/offmarketmadrid.com\/index.php\/wp-json\/wp\/v2\/comments?post=47"}],"version-history":[{"count":0,"href":"https:\/\/offmarketmadrid.com\/index.php\/wp-json\/wp\/v2\/pages\/47\/revisions"}],"wp:attachment":[{"href":"https:\/\/offmarketmadrid.com\/index.php\/wp-json\/wp\/v2\/media?parent=47"}],"curies":[{"name":"wp","href":"https:\/\/api.w.org\/{rel}","templated":true}]}}