{"id":39,"date":"2020-02-24T12:34:23","date_gmt":"2020-02-24T12:34:23","guid":{"rendered":"https:\/\/offmarketmadrid.com\/?page_id=39"},"modified":"2020-02-24T16:34:32","modified_gmt":"2020-02-24T16:34:32","slug":"politica-de-privacidad","status":"publish","type":"page","link":"https:\/\/offmarketmadrid.com\/index.php\/politica-de-privacidad\/","title":{"rendered":"Pol\u00edtica de Privacidad"},"content":{"rendered":"<p>[et_pb_section fb_built=\u00bb1&#8243; fullwidth=\u00bbon\u00bb disabled_on=\u00bbon|on|off\u00bb _builder_version=\u00bb4.0.4&#8243;][et_pb_fullwidth_slider _builder_version=\u00bb4.0.4&#8243; header_font=\u00bb|700|||||||\u00bb header_font_size=\u00bb26px\u00bb body_font=\u00bb|700|||||||\u00bb body_text_align=\u00bbcenter\u00bb body_font_size=\u00bb59px\u00bb custom_padding=\u00bb||303px|||\u00bb][et_pb_slide heading=\u00bbGESTI\u00d3N, CONFIANZA Y COMPRA DE ACTIVOS INMOBILIARIOS\u00bb _builder_version=\u00bb4.0.4&#8243; background_enable_color=\u00bboff\u00bb background_image=\u00bbhttps:\/\/offmarketmadrid.com\/wp-content\/uploads\/2020\/02\/offmarketmadrid-1003-OSCURA.jpg\u00bb background_enable_image=\u00bbon\u00bb parallax=\u00bbon\u00bb]<\/p>\n<p>&nbsp;<\/p>\n<p>MADRID<\/p>\n<p>[\/et_pb_slide][\/et_pb_fullwidth_slider][\/et_pb_section][et_pb_section fb_built=\u00bb1&#8243; fullwidth=\u00bbon\u00bb disabled_on=\u00bboff|off|on\u00bb _builder_version=\u00bb4.0.4&#8243;][et_pb_fullwidth_slider _builder_version=\u00bb4.0.4&#8243; header_font=\u00bb|700|||||||\u00bb header_font_size=\u00bb26px\u00bb header_line_height=\u00bb1.7em\u00bb body_font=\u00bb|700|||||||\u00bb body_text_align=\u00bbcenter\u00bb body_font_size=\u00bb59px\u00bb custom_padding=\u00bb121px||218px|||\u00bb body_font_size_tablet=\u00bb\u00bb body_font_size_phone=\u00bb63px\u00bb body_font_size_last_edited=\u00bbon|phone\u00bb][et_pb_slide heading=\u00bbGESTI\u00d3N, CONFIANZA Y COMPRA DE ACTIVOS INMOBILIARIOS\u00bb _builder_version=\u00bb4.0.4&#8243; background_enable_color=\u00bboff\u00bb background_image=\u00bbhttps:\/\/offmarketmadrid.com\/wp-content\/uploads\/2020\/02\/offmarketmadrid-2.jpg\u00bb background_enable_image=\u00bbon\u00bb]<\/p>\n<p>&nbsp;<\/p>\n<p>MADRID<\/p>\n<p>[\/et_pb_slide][\/et_pb_fullwidth_slider][\/et_pb_section][et_pb_section fb_built=\u00bb1&#8243; _builder_version=\u00bb4.0.4&#8243; locked=\u00bboff\u00bb][et_pb_row _builder_version=\u00bb4.0.4&#8243;][et_pb_column type=\u00bb4_4&#8243; _builder_version=\u00bb4.0.4&#8243;][et_pb_text _builder_version=\u00bb4.0.4&#8243;]<\/p>\n<h2><strong>Pol\u00edtica de Privacidad<\/strong><\/h2>\n<p>\u00bfQui\u00e9n es el responsable del tratamiento de sus datos?<\/p>\n<p>Off Market Madrid con domicilio en Madrid, C\/ Vel\u00e1zquez, n\u00ba53 \u2013 2\u00baIzda. Con tel\u00e9fono 661 20 90 76 y correo electr\u00f3nico <a href=\"mailto:juan.m.correro@gmail.com\">juan.m.correro@gmail.com<\/a><\/p>\n<p>\u00bfCon qu\u00e9 finalidad tratamos sus datos personales?<\/p>\n<p>En Off Market Madrid tratamos la informaci\u00f3n que nos facilitan el interesado con la finalidad de prospecci\u00f3n comercial, gesti\u00f3n, administraci\u00f3n y servicios de inversi\u00f3n.<\/p>\n<p>\u00bfPor cu\u00e1nto tiempo conservaremos sus datos?<\/p>\n<p>Se conservar\u00e1n los datos personales durante el tiempo en el que la persona interesada mantenga una relaci\u00f3n contractual con Off Market Madrid y\/o no se solicite su supresi\u00f3n por el interesado y, en todo caso, durante el periodo que resulte necesario para la formulaci\u00f3n, el ejercicio o la defensa de potenciales reclamaciones, con la finalidad de cumplir con las obligaciones de conservaci\u00f3n y custodia, conforme a la legislaci\u00f3n vigente.<\/p>\n<p>\u00bfCu\u00e1l es la legitimaci\u00f3n para el tratamiento de sus datos?<\/p>\n<p>El fundamento legal para el tratamiento de sus datos personales radica en el consentimiento del interesado cuando se proceda a la solicitud de informaci\u00f3n y en su caso en la prestaci\u00f3n del servicio o ejecuci\u00f3n del contrato.<\/p>\n<p>\u00bfA qu\u00e9 destinatarios se comunicar\u00e1n sus datos?<\/p>\n<p>Con el suministro de sus datos y su consentimiento, el interesado acepta que los mismos puedan ser comunicados a las empresas de Off Market Madrid con la finalidad de remitirle informaci\u00f3n comercial por cualquier medio incluidos los medios electr\u00f3nicos sobre las actividades, servicios y productos que ofrecen las empresas de Off Market Madrid, cuya composici\u00f3n puede consultar en la direcci\u00f3n: https:\/\/offmarketmadrid.com<\/p>\n<p>Se guardar\u00e1 estricta confidencialidad respecto de todos los documentos e informaciones a las que Off Market Madrid tuviera conocimiento en el seno de esta relaci\u00f3n.<\/p>\n<p>\u00bfCu\u00e1les son sus derechos cuando nos facilita sus datos?<\/p>\n<p>Derecho de acceso: Usted tendr\u00e1 derecho a obtener confirmaci\u00f3n de si se est\u00e1n tratando o no datos personales que le conciernen.<\/p>\n<p>Derecho de rectificaci\u00f3n: Usted tendr\u00e1 derecho a obtener la rectificaci\u00f3n de los datos personales inexactos que le conciernan o incompletos.<\/p>\n<p>Derecho de supresi\u00f3n: Usted tendr\u00e1 derecho a obtener la supresi\u00f3n de los datos personales que le conciernan cuando los datos personales ya no sean necesarios en relaci\u00f3n con los fines para los que fueron recogidos o tratados de otro modo.<\/p>\n<p>Derecho de limitaci\u00f3n: Usted podr\u00e1 solicitar la limitaci\u00f3n del tratamiento de sus datos personales, en cuyo caso \u00fanicamente los conservaremos para el ejercicio o la defensa de reclamaciones.<\/p>\n<p>Derecho de retirar el consentimiento: Usted tendr\u00e1 derecho a retirar el consentimiento en cualquier momento, sin que ello afecte a la licitud del tratamiento basado en el consentimiento antes de su retirada.<\/p>\n<p>Derecho de oposici\u00f3n: Usted tendr\u00e1 derecho a oponerse al tratamiento de sus datos. Off Market Madrid dejar\u00e1 de tratar los datos, salvo por motivos leg\u00edtimos imperiosos, o el ejercicio o la defensa de posibles reclamaciones.<\/p>\n<p>Derecho a la portabilidad de sus datos: Usted puede solicitarnos que sus datos personales automatizados sean cedidos o transferidos a cualquier otra empresa que nos indique en un formato estructurado, inteligible y automatizado.<\/p>\n<p>Los interesados pueden ejercitar sus derechos de acceso, rectificaci\u00f3n, supresi\u00f3n, limitaci\u00f3n, oposici\u00f3n y portabilidad de los datos dirigi\u00e9ndose por escrito a Off Market Madrid indicando el derecho a ejercer y adjuntando copia de DNI a trav\u00e9s de la siguiente direcci\u00f3n postal: C\/ Vel\u00e1zquez, n\u00ba53 \u2013 2\u00baIzda, o a trav\u00e9s del correo electr\u00f3nico <a href=\"mailto:juan.m.correro@gmail.com\">juan.m.correro@gmail.com<\/a><\/p>\n<p>Los interesados tienen derecho a reclamar ante la Autoridad de Control y solicitar la tutela de derechos que no hayan sido debidamente atendidos a la Agencia Espa\u00f1ola de Protecci\u00f3n de datos a trav\u00e9s de la sede electr\u00f3nica de su portal web (www.agpd.es), o bien mediante escrito dirigido a su direcci\u00f3n postal (C\/Jorge Juan, 6, 28001-Madrid).<\/p>\n<p>Cookies y archivos de seguimiento<\/p>\n<p>En cumplimiento con lo establecido en el art\u00edculo 22.2 de la Ley de Servicios de la Sociedad de la Informaci\u00f3n y del Comercio Electr\u00f3nico (LSSI) y en adecuaci\u00f3n con la Directiva Europea 2009\/136\/CE, le informamos que https:\/\/offmarketmadrid.com utiliza cookies con la finalidad de prestarle una mejor experiencia en su navegaci\u00f3n. Asimismo, en caso de que preste su consentimiento, utilizaremos cookies que nos permitan obtener m\u00e1s informaci\u00f3n acerca de sus preferencias y personalizar nuestro Sitio Web de conformidad con sus intereses individuales, para que tenga una navegaci\u00f3n m\u00e1s fluida y personalizada.<\/p>\n<p>Una cookie es un peque\u00f1o archivo que se descarga en el ordenador, Tablet o Smartphone del usuario, con la finalidad de descargar datos e informaci\u00f3n que podr\u00e1n ser actualizados y recuperados por la entidad responsable de su instalaci\u00f3n.<\/p>\n<p>Si desea obtener m\u00e1s informaci\u00f3n puede leer nuestra Pol\u00edtica de cookies<\/p>\n<p>Responsabilidades y compromisos del usuario. El usuario garantiza ser mayor de edad y con capacidad suficiente. El usuario garantiza que la informaci\u00f3n facilitada es exacta y veraz, comprometi\u00e9ndose a informar a Off Market Madrid de cualquier modificaci\u00f3n de la informaci\u00f3n que le haya sido solicitada, mediante correo electr\u00f3nico a la direcci\u00f3n <a href=\"mailto:juan.m.correro@gmail.com\">juan.m.correro@gmail.com<\/a>, identific\u00e1ndose como usuario del sitio Web y concretando aquellos datos que hayan sido modificados.<\/p>\n<p>En el supuesto de que, en la ejecuci\u00f3n de los servicios, sean facilitados a Off Market Madrid datos de car\u00e1cter personal de terceros, el usuario garantiza que est\u00e1 facultado leg\u00edtimamente para facilitar dichos datos y que ha procedido a informar al interesado de la cesi\u00f3n de sus datos y a solicitar su consentimiento, responsabiliz\u00e1ndose del incumplimiento de estas obligaciones.<\/p>\n<p>[\/et_pb_text][\/et_pb_column][\/et_pb_row][\/et_pb_section][et_pb_section fb_built=\u00bb1&#8243; disabled_on=\u00bbon|on|off\u00bb _builder_version=\u00bb4.0.4&#8243; custom_margin=\u00bb0px||0px||false|false\u00bb custom_padding=\u00bb0px||0px||false|false\u00bb][et_pb_row _builder_version=\u00bb4.0.4&#8243; custom_padding=\u00bb||5px|||\u00bb][et_pb_column type=\u00bb4_4&#8243; _builder_version=\u00bb4.0.4&#8243;][et_pb_text _builder_version=\u00bb4.0.4&#8243; text_text_color=\u00bb#7f7f7f\u00bb text_font_size=\u00bb13px\u00bb text_line_height=\u00bb1em\u00bb text_orientation=\u00bbcenter\u00bb min_height=\u00bb72px\u00bb custom_margin=\u00bb||-1px|||\u00bb]<\/p>\n<p style=\"text-align: center;\"><span style=\"color: #999999;\">Dise\u00f1ado por <a style=\"color: #999999;\" href=\"https:\/\/digital360.es\/\" target=\"_blank\" rel=\"noopener noreferrer\">DIGITAL 360<\/a> | Copyright \u00a9 2020 Off Market Madrid \u2013 C\/ Vel\u00e1zquez N\u00ba53, 2\u00baIzda.<\/span><\/p>\n<p style=\"text-align: center;\"><span style=\"color: #999999;\">__________________________________________________________________________________________________________________<\/span><\/p>\n<p style=\"text-align: center;\"><span style=\"color: #808080;\"><a style=\"color: #808080;\" href=\"https:\/\/offmarketmadrid.com\/index.php\/aviso-legal\/\" target=\"_blank\" rel=\"noopener noreferrer\">Aviso legal<\/a>\u00a0\u00a0\u00a0\u00a0\u00a0 <a style=\"color: #808080;\" href=\"https:\/\/offmarketmadrid.com\/index.php\/politica-de-privacidad\/\" target=\"_blank\" rel=\"noopener noreferrer\">Pol\u00edtica de privacidad\u00a0\u00a0<\/a>\u00a0\u00a0\u00a0 <\/span><a href=\"https:\/\/offmarketmadrid.com\/index.php\/politica-de-cookies\/\" target=\"_blank\" rel=\"noopener noreferrer\"><span style=\"color: #808080;\">Pol\u00edtica de cookies<\/span><\/a><\/p>\n<p style=\"text-align: center;\">[\/et_pb_text][\/et_pb_column][\/et_pb_row][\/et_pb_section][et_pb_section fb_built=\u00bb1&#8243; disabled_on=\u00bboff|off|on\u00bb _builder_version=\u00bb4.0.4&#8243; custom_margin=\u00bb0px||0px||false|false\u00bb custom_padding=\u00bb0px||0px||false|false\u00bb][et_pb_row _builder_version=\u00bb4.0.4&#8243; custom_padding=\u00bb||5px|||\u00bb][et_pb_column type=\u00bb4_4&#8243; _builder_version=\u00bb4.0.4&#8243;][et_pb_text _builder_version=\u00bb4.0.4&#8243; text_text_color=\u00bb#7f7f7f\u00bb text_font_size=\u00bb13px\u00bb text_line_height=\u00bb1em\u00bb header_3_font_size=\u00bb10px\u00bb text_orientation=\u00bbcenter\u00bb min_height=\u00bb72px\u00bb custom_margin=\u00bb||-1px|||\u00bb text_line_height_tablet=\u00bb\u00bb text_line_height_phone=\u00bb1.3em\u00bb text_line_height_last_edited=\u00bbon|phone\u00bb]<\/p>\n<p style=\"text-align: center;\"><span style=\"color: #999999;\">Dise\u00f1ado por <a style=\"color: #999999;\" href=\"https:\/\/digital360.es\/\" target=\"_blank\" rel=\"noopener noreferrer\">DIGITAL 360<\/a> | Copyright \u00a9 2020 Off Market Madrid \u2013 C\/ Vel\u00e1zquez N\u00ba53, 2\u00baIzda.<\/span><\/p>\n<p style=\"text-align: center;\"><span style=\"color: #999999;\">___________________________<\/span><\/p>\n<h3 style=\"text-align: center;\"><span style=\"color: #808080;\"><a style=\"color: #808080;\" href=\"https:\/\/offmarketmadrid.com\/index.php\/aviso-legal\/\" target=\"_blank\" rel=\"noopener noreferrer\">Aviso legal<\/a>\u00a0\u00a0\u00a0\u00a0\u00a0 <a style=\"color: #808080;\" href=\"https:\/\/offmarketmadrid.com\/index.php\/politica-de-privacidad\/\" target=\"_blank\" rel=\"noopener noreferrer\">Pol\u00edtica de privacidad\u00a0\u00a0<\/a>\u00a0\u00a0\u00a0 <\/span><a href=\"https:\/\/offmarketmadrid.com\/index.php\/politica-de-cookies\/\" target=\"_blank\" rel=\"noopener noreferrer\"><span style=\"color: #808080;\">Pol\u00edtica de cookies<\/span><\/a><\/h3>\n<p style=\"text-align: center;\">[\/et_pb_text][\/et_pb_column][\/et_pb_row][\/et_pb_section]<\/p>\n","protected":false},"excerpt":{"rendered":"<p>&nbsp; MADRID&nbsp; MADRIDPol\u00edtica de Privacidad \u00bfQui\u00e9n es el responsable del tratamiento de sus datos? Off Market Madrid con domicilio en Madrid, C\/ Vel\u00e1zquez, n\u00ba53 \u2013 2\u00baIzda. Con tel\u00e9fono 661 20 90 76 y correo electr\u00f3nico juan.m.correro@gmail.com \u00bfCon qu\u00e9 finalidad tratamos sus datos personales? En Off Market Madrid tratamos la informaci\u00f3n que nos facilitan el interesado [&hellip;]<\/p>\n","protected":false},"author":1,"featured_media":0,"parent":0,"menu_order":0,"comment_status":"closed","ping_status":"closed","template":"","meta":{"_et_pb_use_builder":"on","_et_pb_old_content":"","_et_gb_content_width":"","footnotes":""},"_links":{"self":[{"href":"https:\/\/offmarketmadrid.com\/index.php\/wp-json\/wp\/v2\/pages\/39"}],"collection":[{"href":"https:\/\/offmarketmadrid.com\/index.php\/wp-json\/wp\/v2\/pages"}],"about":[{"href":"https:\/\/offmarketmadrid.com\/index.php\/wp-json\/wp\/v2\/types\/page"}],"author":[{"embeddable":true,"href":"https:\/\/offmarketmadrid.com\/index.php\/wp-json\/wp\/v2\/users\/1"}],"replies":[{"embeddable":true,"href":"https:\/\/offmarketmadrid.com\/index.php\/wp-json\/wp\/v2\/comments?post=39"}],"version-history":[{"count":0,"href":"https:\/\/offmarketmadrid.com\/index.php\/wp-json\/wp\/v2\/pages\/39\/revisions"}],"wp:attachment":[{"href":"https:\/\/offmarketmadrid.com\/index.php\/wp-json\/wp\/v2\/media?parent=39"}],"curies":[{"name":"wp","href":"https:\/\/api.w.org\/{rel}","templated":true}]}}