{"id":14,"date":"2020-02-24T12:14:07","date_gmt":"2020-02-24T12:14:07","guid":{"rendered":"https:\/\/offmarketmadrid.com\/?page_id=14"},"modified":"2021-11-16T15:09:20","modified_gmt":"2021-11-16T15:09:20","slug":"quienes-somos","status":"publish","type":"page","link":"https:\/\/offmarketmadrid.com\/index.php\/quienes-somos\/","title":{"rendered":"QUIENES SOMOS"},"content":{"rendered":"[et_pb_section fb_built=\u00bb1&#8243; fullwidth=\u00bbon\u00bb disabled_on=\u00bbon|on|off\u00bb _builder_version=\u00bb4.0.4&#8243; background_image=\u00bbhttps:\/\/offmarketmadrid.com\/wp-content\/uploads\/2020\/02\/offmarketmadrid-QUIENES-SOMOS-1.jpg\u00bb background_position=\u00bbtop_center\u00bb locked=\u00bboff\u00bb global_colors_info=\u00bb{}\u00bb][et_pb_fullwidth_slider _builder_version=\u00bb4.0.4&#8243; header_font=\u00bb|700|||||||\u00bb header_font_size=\u00bb26px\u00bb body_font=\u00bb|700|||||||\u00bb body_text_align=\u00bbcenter\u00bb body_font_size=\u00bb59px\u00bb background_color=\u00bbrgba(0,0,0,0)\u00bb background_enable_image=\u00bboff\u00bb custom_padding=\u00bb||290px|||\u00bb animation_style=\u00bbslide\u00bb animation_duration=\u00bb1850ms\u00bb animation_starting_opacity=\u00bb35%\u00bb global_colors_info=\u00bb{}\u00bb][et_pb_slide heading=\u00bbGESTI\u00d3N, CONFIANZA Y COMPRA DE ACTIVOS INMOBILIARIOS\u00bb button_text=\u00bbVALOR Y CONFIANZA\u00bb use_bg_overlay=\u00bbon\u00bb _builder_version=\u00bb4.0.4&#8243; header_font=\u00bbFjalla One||||||||\u00bb header_font_size=\u00bb20px\u00bb header_letter_spacing=\u00bb2px\u00bb body_font=\u00bbRoboto Slab||||||||\u00bb body_font_size=\u00bb84px\u00bb body_letter_spacing=\u00bb8px\u00bb body_line_height=\u00bb1.8em\u00bb background_enable_color=\u00bboff\u00bb background_enable_image=\u00bboff\u00bb parallax=\u00bbon\u00bb custom_button=\u00bbon\u00bb button_text_size=\u00bb27px\u00bb button_text_color=\u00bb#b70e0e\u00bb button_bg_color=\u00bbrgba(255,255,255,0.47)\u00bb button_border_color=\u00bbrgba(0,0,0,0)\u00bb button_border_radius=\u00bb0px\u00bb button_letter_spacing=\u00bb3px\u00bb button_font=\u00bbFjalla One|700|||||||\u00bb button_use_icon=\u00bboff\u00bb button_custom_padding=\u00bb0px||0px||false|false\u00bb global_colors_info=\u00bb{}\u00bb sticky_transition=\u00bbon\u00bb]<p>\u00bfQUIENES SOMOS?<\/p>[\/et_pb_slide][\/et_pb_fullwidth_slider][\/et_pb_section][et_pb_section fb_built=\u00bb1&#8243; fullwidth=\u00bbon\u00bb disabled_on=\u00bboff|off|on\u00bb _builder_version=\u00bb4.0.4&#8243; background_image=\u00bbhttps:\/\/offmarketmadrid.com\/wp-content\/uploads\/2020\/02\/offmarketmadrid-QUIENES-SOMOS-1.jpg\u00bb locked=\u00bboff\u00bb global_colors_info=\u00bb{}\u00bb][et_pb_fullwidth_slider _builder_version=\u00bb4.0.4&#8243; header_font=\u00bb|700|||||||\u00bb header_font_size=\u00bb26px\u00bb body_font=\u00bb|700|||||||\u00bb body_text_align=\u00bbcenter\u00bb body_font_size=\u00bb59px\u00bb background_color=\u00bbrgba(0,0,0,0)\u00bb background_enable_image=\u00bboff\u00bb custom_padding=\u00bb||224px|||\u00bb animation_style=\u00bbslide\u00bb animation_duration=\u00bb1850ms\u00bb animation_starting_opacity=\u00bb35%\u00bb global_colors_info=\u00bb{}\u00bb][et_pb_slide heading=\u00bbGESTI\u00d3N, CONFIANZA Y COMPRA DE ACTIVOS INMOBILIARIOS\u00bb button_text=\u00bbVALOR Y CONFIANZA\u00bb use_bg_overlay=\u00bbon\u00bb _builder_version=\u00bb4.0.4&#8243; header_font=\u00bbFjalla One|700|||||||\u00bb header_font_size=\u00bb20px\u00bb header_letter_spacing=\u00bb2px\u00bb header_line_height=\u00bb1.3em\u00bb body_font=\u00bbRoboto Slab|700|||||||\u00bb body_font_size=\u00bb51px\u00bb body_letter_spacing=\u00bb1px\u00bb body_line_height=\u00bb1em\u00bb background_enable_color=\u00bboff\u00bb background_enable_image=\u00bboff\u00bb custom_button=\u00bbon\u00bb button_text_color=\u00bb#b21e0e\u00bb button_bg_color=\u00bbrgba(255,255,255,0.65)\u00bb button_border_color=\u00bbrgba(0,0,0,0)\u00bb button_letter_spacing=\u00bb3px\u00bb button_font=\u00bbFjalla One||||||||\u00bb button_use_icon=\u00bboff\u00bb button_custom_padding=\u00bb0px||0px||false|false\u00bb global_colors_info=\u00bb{}\u00bb sticky_transition=\u00bbon\u00bb]<p>&nbsp;<\/p>\n<p>\u00bfQUIENES SOMOS?<\/p>[\/et_pb_slide][\/et_pb_fullwidth_slider][\/et_pb_section][et_pb_section fb_built=\u00bb1&#8243; disabled_on=\u00bbon|on|off\u00bb _builder_version=\u00bb4.0.4&#8243; background_color=\u00bb#e5e5e5&#8243; min_height=\u00bb428px\u00bb global_colors_info=\u00bb{}\u00bb][et_pb_row _builder_version=\u00bb4.0.4&#8243; background_size=\u00bbinitial\u00bb background_position=\u00bbtop_left\u00bb background_repeat=\u00bbrepeat\u00bb global_colors_info=\u00bb{}\u00bb][et_pb_column type=\u00bb4_4&#8243; _builder_version=\u00bb3.25&#8243; custom_padding=\u00bb|||\u00bb global_colors_info=\u00bb{}\u00bb custom_padding__hover=\u00bb|||\u00bb][et_pb_text _builder_version=\u00bb4.0.4&#8243; text_font_size=\u00bb15px\u00bb text_letter_spacing=\u00bb2px\u00bb background_size=\u00bbinitial\u00bb background_position=\u00bbtop_left\u00bb background_repeat=\u00bbrepeat\u00bb text_orientation=\u00bbjustified\u00bb global_colors_info=\u00bb{}\u00bb]<p>\u00a0La estrategia y objetivos de <strong>OFFMARKET<\/strong> forman un valor corporativo enfocado al cliente que requiere un equipo humano de calidad, con un alto nivel de conocimientos y especializaci\u00f3n, capaz de generar y gestionar oportunidades de negocio con rigor y eficacia.<o:p><\/o:p><\/p>\n<p>Perseguimos la generaci\u00f3n de valor, implic\u00e1ndonos al m\u00e1ximo desde el inicio de cada proyecto, abarcando de modo global cada desarrollo inmobiliario e incentivando la colaboraci\u00f3n y participaci\u00f3n activa de nuestros clientes en la consecuci\u00f3n de los objetivos comunes<o:p><\/o:p><\/p>\n<p>El 100% de la plantilla de profesionales que conforman OFFMARKET son titulados universitarios, con cursos especializados de postgrado y m\u00e1s de 20 a\u00f1os de experiencia profesional, lo que nos permite garantizar la mejor prestaci\u00f3n de servicio a nuestros clientes.<o:p><\/o:p><\/p>\n<p><\/p>[\/et_pb_text][\/et_pb_column][\/et_pb_row][\/et_pb_section][et_pb_section fb_built=\u00bb1&#8243; disabled_on=\u00bboff|off|on\u00bb _builder_version=\u00bb4.0.4&#8243; background_color=\u00bb#e5e5e5&#8243; min_height=\u00bb428px\u00bb custom_padding=\u00bb||19px|||\u00bb global_colors_info=\u00bb{}\u00bb][et_pb_row _builder_version=\u00bb4.0.4&#8243; background_size=\u00bbinitial\u00bb background_position=\u00bbtop_left\u00bb background_repeat=\u00bbrepeat\u00bb custom_padding=\u00bb16px|||||\u00bb global_colors_info=\u00bb{}\u00bb][et_pb_column type=\u00bb4_4&#8243; _builder_version=\u00bb3.25&#8243; custom_padding=\u00bb|||\u00bb global_colors_info=\u00bb{}\u00bb custom_padding__hover=\u00bb|||\u00bb][et_pb_text _builder_version=\u00bb4.0.4&#8243; text_font_size=\u00bb15px\u00bb text_letter_spacing=\u00bb2px\u00bb background_size=\u00bbinitial\u00bb background_position=\u00bbtop_left\u00bb background_repeat=\u00bbrepeat\u00bb text_orientation=\u00bbjustified\u00bb global_colors_info=\u00bb{}\u00bb]<p>\u00a0La estrategia y objetivos de <strong>OFFMARKET<\/strong> forman un valor corporativo enfocado al cliente que requiere un equipo humano de calidad, con un alto nivel de conocimientos y especializaci\u00f3n, capaz de generar y gestionar oportunidades de negocio con rigor y eficacia.<o:p><\/o:p><\/p>\n<p>Perseguimos la generaci\u00f3n de valor, implic\u00e1ndonos al m\u00e1ximo desde el inicio de cada proyecto, abarcando de modo global cada desarrollo inmobiliario e incentivando la colaboraci\u00f3n y participaci\u00f3n activa de nuestros clientes en la consecuci\u00f3n de los objetivos comunes<o:p><\/o:p><\/p>\n<p>El 100% de la plantilla de profesionales que conforman OFFMARKET son titulados universitarios, con cursos especializados de postgrado y m\u00e1s de 20 a\u00f1os de experiencia profesional, lo que nos permite garantizar la mejor prestaci\u00f3n de servicio a nuestros clientes.<o:p><\/o:p><\/p>\n<p><\/p>[\/et_pb_text][\/et_pb_column][\/et_pb_row][\/et_pb_section][et_pb_section fb_built=\u00bb1&#8243; disabled_on=\u00bboff|off|off\u00bb _builder_version=\u00bb4.0.4&#8243; background_color=\u00bbrgba(229,229,229,0.55)\u00bb min_height=\u00bb278px\u00bb custom_padding=\u00bb3px||31px|||\u00bb global_colors_info=\u00bb{}\u00bb][et_pb_row _builder_version=\u00bb4.0.4&#8243; background_size=\u00bbinitial\u00bb background_position=\u00bbtop_left\u00bb background_repeat=\u00bbrepeat\u00bb custom_padding=\u00bb7px|||||\u00bb global_colors_info=\u00bb{}\u00bb][et_pb_column type=\u00bb4_4&#8243; _builder_version=\u00bb3.25&#8243; custom_padding=\u00bb|||\u00bb global_colors_info=\u00bb{}\u00bb custom_padding__hover=\u00bb|||\u00bb][et_pb_text _builder_version=\u00bb4.0.4&#8243; text_text_color=\u00bb#000000&#8243; text_font_size=\u00bb16px\u00bb text_letter_spacing=\u00bb3px\u00bb text_line_height=\u00bb1em\u00bb custom_margin=\u00bb||5px|||\u00bb global_colors_info=\u00bb{}\u00bb]<p>COMPRA DE EDIFICIOS<\/p>[\/et_pb_text][et_pb_image src=\u00bbhttps:\/\/offmarketmadrid.com\/wp-content\/uploads\/2020\/02\/70.png\u00bb _builder_version=\u00bb4.0.4&#8243; animation_style=\u00bbslide\u00bb global_colors_info=\u00bb{}\u00bb][\/et_pb_image][et_pb_text _builder_version=\u00bb4.0.4&#8243; text_text_color=\u00bb#000000&#8243; text_font_size=\u00bb16px\u00bb text_letter_spacing=\u00bb3px\u00bb text_line_height=\u00bb1em\u00bb custom_margin=\u00bb||5px|||\u00bb global_colors_info=\u00bb{}\u00bb]<p>REHABILITACI\u00d3N DE EDIFICIOS<\/p>[\/et_pb_text][et_pb_image src=\u00bbhttps:\/\/offmarketmadrid.com\/wp-content\/uploads\/2020\/02\/20.png\u00bb _builder_version=\u00bb4.0.4&#8243; animation_style=\u00bbslide\u00bb global_colors_info=\u00bb{}\u00bb][\/et_pb_image][et_pb_text _builder_version=\u00bb4.0.4&#8243; text_text_color=\u00bb#000000&#8243; text_font_size=\u00bb16px\u00bb text_letter_spacing=\u00bb3px\u00bb text_line_height=\u00bb1em\u00bb custom_margin=\u00bb||5px|||\u00bb global_colors_info=\u00bb{}\u00bb]<p>ADMINISTRACI\u00d3N Y GESTI\u00d3N DE EDIFICIOS<\/p>[\/et_pb_text][et_pb_image src=\u00bbhttps:\/\/offmarketmadrid.com\/wp-content\/uploads\/2020\/02\/10.png\u00bb _builder_version=\u00bb4.0.4&#8243; animation_style=\u00bbslide\u00bb global_colors_info=\u00bb{}\u00bb][\/et_pb_image][et_pb_button button_url=\u00bbhttps:\/\/offmarketmadrid.com\/index.php\/activos\/\u00bb url_new_window=\u00bbon\u00bb button_text=\u00bbVER NUESTROS PROYECTOS\u00bb button_alignment=\u00bbcenter\u00bb _builder_version=\u00bb4.13.0&#8243; custom_button=\u00bbon\u00bb button_text_size=\u00bb17px\u00bb button_text_color=\u00bb#000000&#8243; button_border_width=\u00bb0px\u00bb button_letter_spacing=\u00bb2px\u00bb button_icon=\u00bb&#x24;||divi||400&#8243; button_icon_color=\u00bb#e02b20&#8243; button_on_hover=\u00bboff\u00bb button_text_size_tablet=\u00bb\u00bb button_text_size_phone=\u00bb13px\u00bb button_text_size_last_edited=\u00bbon|phone\u00bb locked=\u00bboff\u00bb global_colors_info=\u00bb{}\u00bb][\/et_pb_button][\/et_pb_column][\/et_pb_row][\/et_pb_section][et_pb_section fb_built=\u00bb1&#8243; _builder_version=\u00bb4.0.4&#8243; background_color=\u00bbrgba(20,20,20,0.97)\u00bb custom_padding=\u00bb||5px|||\u00bb locked=\u00bboff\u00bb global_colors_info=\u00bb{}\u00bb][et_pb_row column_structure=\u00bb3_5,2_5&#8243; _builder_version=\u00bb4.0.4&#8243; custom_margin=\u00bb-21px|auto||auto||\u00bb custom_padding=\u00bb7px|||||\u00bb global_colors_info=\u00bb{}\u00bb][et_pb_column type=\u00bb3_5&#8243; _builder_version=\u00bb4.0.4&#8243; global_colors_info=\u00bb{}\u00bb][et_pb_text _builder_version=\u00bb4.0.4&#8243; text_text_color=\u00bb#ffffff\u00bb text_font_size=\u00bb15px\u00bb text_letter_spacing=\u00bb2px\u00bb text_line_height=\u00bb1em\u00bb global_colors_info=\u00bb{}\u00bb]<p>NUESTROS MEDIOS DE CONTACTO<\/p>\n<hr \/>\n<p>&nbsp;<\/p>\n<p>Email: info@offmarketmadrid.com<\/p>\n<p>Direcci\u00f3n: C\/ Vel\u00e1zquez n\u00ba53,\u00a0 2\u00baIzda \u2013 28001 Madrid<\/p>[\/et_pb_text][\/et_pb_column][et_pb_column type=\u00bb2_5&#8243; _builder_version=\u00bb4.0.4&#8243; global_colors_info=\u00bb{}\u00bb][et_pb_text _builder_version=\u00bb4.0.4&#8243; text_text_color=\u00bb#ffffff\u00bb text_font_size=\u00bb15px\u00bb text_letter_spacing=\u00bb2px\u00bb text_line_height=\u00bb1em\u00bb custom_margin=\u00bb||-2px|||\u00bb global_colors_info=\u00bb{}\u00bb]<p>TE LLAMAMOS<\/p>\n<hr \/>\n<p>&nbsp;<\/p>[\/et_pb_text][et_pb_contact_form captcha=\u00bboff\u00bb email=\u00bbjmcorrero@offmarketmadrid.com\u00bb _builder_version=\u00bb4.13.1&#8243; _unique_id=\u00bbff7fe253-192e-4bf2-b327-42dbb9b9c685&#8243; custom_button=\u00bbon\u00bb button_text_size=\u00bb14px\u00bb button_text_color=\u00bb#ffffff\u00bb button_border_width=\u00bb1px\u00bb button_border_radius=\u00bb0px\u00bb button_icon=\u00bb&#xe090;||divi||400&#8243; button_icon_color=\u00bb#e02b20&#8243; button_on_hover=\u00bboff\u00bb hover_enabled=\u00bb0&#8243; global_colors_info=\u00bb{}\u00bb sticky_enabled=\u00bb0&#8243;][et_pb_contact_field field_id=\u00bbNombre\u00bb field_title=\u00bbNombre\u00bb fullwidth_field=\u00bbon\u00bb _builder_version=\u00bb4.0.4&#8243; form_field_text_color=\u00bb#000000&#8243; form_field_letter_spacing=\u00bb3px\u00bb form_field_line_height=\u00bb0.9em\u00bb global_colors_info=\u00bb{}\u00bb button_text_size__hover_enabled=\u00bboff\u00bb button_one_text_size__hover_enabled=\u00bboff\u00bb button_two_text_size__hover_enabled=\u00bboff\u00bb button_text_color__hover_enabled=\u00bboff\u00bb button_one_text_color__hover_enabled=\u00bboff\u00bb button_two_text_color__hover_enabled=\u00bboff\u00bb button_border_width__hover_enabled=\u00bboff\u00bb button_one_border_width__hover_enabled=\u00bboff\u00bb button_two_border_width__hover_enabled=\u00bboff\u00bb button_border_color__hover_enabled=\u00bboff\u00bb button_one_border_color__hover_enabled=\u00bboff\u00bb button_two_border_color__hover_enabled=\u00bboff\u00bb button_border_radius__hover_enabled=\u00bboff\u00bb button_one_border_radius__hover_enabled=\u00bboff\u00bb button_two_border_radius__hover_enabled=\u00bboff\u00bb button_letter_spacing__hover_enabled=\u00bboff\u00bb button_one_letter_spacing__hover_enabled=\u00bboff\u00bb button_two_letter_spacing__hover_enabled=\u00bboff\u00bb button_bg_color__hover_enabled=\u00bboff\u00bb button_one_bg_color__hover_enabled=\u00bboff\u00bb button_two_bg_color__hover_enabled=\u00bboff\u00bb][\/et_pb_contact_field][et_pb_contact_field field_id=\u00bbTel\u00e9fono\u00bb field_title=\u00bbTel\u00e9fono\u00bb fullwidth_field=\u00bbon\u00bb _builder_version=\u00bb4.0.4&#8243; form_field_text_color=\u00bb#000000&#8243; form_field_letter_spacing=\u00bb3px\u00bb form_field_line_height=\u00bb0.9em\u00bb global_colors_info=\u00bb{}\u00bb button_text_size__hover_enabled=\u00bboff\u00bb button_one_text_size__hover_enabled=\u00bboff\u00bb button_two_text_size__hover_enabled=\u00bboff\u00bb button_text_color__hover_enabled=\u00bboff\u00bb button_one_text_color__hover_enabled=\u00bboff\u00bb button_two_text_color__hover_enabled=\u00bboff\u00bb button_border_width__hover_enabled=\u00bboff\u00bb button_one_border_width__hover_enabled=\u00bboff\u00bb button_two_border_width__hover_enabled=\u00bboff\u00bb button_border_color__hover_enabled=\u00bboff\u00bb button_one_border_color__hover_enabled=\u00bboff\u00bb button_two_border_color__hover_enabled=\u00bboff\u00bb button_border_radius__hover_enabled=\u00bboff\u00bb button_one_border_radius__hover_enabled=\u00bboff\u00bb button_two_border_radius__hover_enabled=\u00bboff\u00bb button_letter_spacing__hover_enabled=\u00bboff\u00bb button_one_letter_spacing__hover_enabled=\u00bboff\u00bb button_two_letter_spacing__hover_enabled=\u00bboff\u00bb button_bg_color__hover_enabled=\u00bboff\u00bb button_one_bg_color__hover_enabled=\u00bboff\u00bb button_two_bg_color__hover_enabled=\u00bboff\u00bb][\/et_pb_contact_field][\/et_pb_contact_form][\/et_pb_column][\/et_pb_row][\/et_pb_section][et_pb_section fb_built=\u00bb1&#8243; disabled_on=\u00bbon|on|off\u00bb _builder_version=\u00bb4.0.4&#8243; custom_margin=\u00bb0px||0px||false|false\u00bb custom_padding=\u00bb0px||0px||false|false\u00bb global_colors_info=\u00bb{}\u00bb][et_pb_row _builder_version=\u00bb4.0.4&#8243; custom_padding=\u00bb||5px|||\u00bb global_colors_info=\u00bb{}\u00bb][et_pb_column type=\u00bb4_4&#8243; _builder_version=\u00bb4.0.4&#8243; global_colors_info=\u00bb{}\u00bb][et_pb_text _builder_version=\u00bb4.0.4&#8243; text_text_color=\u00bb#7f7f7f\u00bb text_font_size=\u00bb13px\u00bb text_line_height=\u00bb1em\u00bb text_orientation=\u00bbcenter\u00bb min_height=\u00bb72px\u00bb custom_margin=\u00bb||-1px|||\u00bb global_colors_info=\u00bb{}\u00bb]<p style=\"text-align: center;\"><span style=\"color: #999999;\">Dise\u00f1ado por <a style=\"color: #999999;\" href=\"https:\/\/digital360.es\/\" target=\"_blank\" rel=\"noopener noreferrer\">DIGITAL 360<\/a> | Copyright \u00a9 2020 Off Market Madrid \u2013 C\/ Vel\u00e1zquez N\u00ba53, 2\u00baIzda.<\/span><\/p>\n<p style=\"text-align: center;\"><span style=\"color: #999999;\">__________________________________________________________________________________________________________________<\/span><\/p>\n<p style=\"text-align: center;\"><span style=\"color: #808080;\"><a style=\"color: #808080;\" href=\"https:\/\/offmarketmadrid.com\/index.php\/aviso-legal\/\" target=\"_blank\" rel=\"noopener noreferrer\">Aviso legal<\/a>\u00a0\u00a0\u00a0\u00a0\u00a0 <a style=\"color: #808080;\" href=\"https:\/\/offmarketmadrid.com\/index.php\/politica-de-privacidad\/\" target=\"_blank\" rel=\"noopener noreferrer\">Pol\u00edtica de privacidad\u00a0\u00a0<\/a>\u00a0\u00a0\u00a0 <\/span><a href=\"https:\/\/offmarketmadrid.com\/index.php\/politica-de-cookies\/\" target=\"_blank\" rel=\"noopener noreferrer\"><span style=\"color: #808080;\">Pol\u00edtica de cookies<\/span><\/a><\/p>\n<p style=\"text-align: center;\">[\/et_pb_text][\/et_pb_column][\/et_pb_row][\/et_pb_section][et_pb_section fb_built=\u00bb1&#8243; disabled_on=\u00bboff|off|on\u00bb _builder_version=\u00bb4.0.4&#8243; custom_margin=\u00bb0px||0px||false|false\u00bb custom_padding=\u00bb0px||0px||false|false\u00bb global_colors_info=\u00bb{}\u00bb][et_pb_row _builder_version=\u00bb4.0.4&#8243; custom_padding=\u00bb||5px|||\u00bb global_colors_info=\u00bb{}\u00bb][et_pb_column type=\u00bb4_4&#8243; _builder_version=\u00bb4.0.4&#8243; global_colors_info=\u00bb{}\u00bb][et_pb_text _builder_version=\u00bb4.0.4&#8243; text_text_color=\u00bb#7f7f7f\u00bb text_font_size=\u00bb13px\u00bb text_line_height=\u00bb1em\u00bb header_3_font_size=\u00bb10px\u00bb text_orientation=\u00bbcenter\u00bb min_height=\u00bb72px\u00bb custom_margin=\u00bb||-1px|||\u00bb text_line_height_tablet=\u00bb\u00bb text_line_height_phone=\u00bb1.3em\u00bb text_line_height_last_edited=\u00bbon|phone\u00bb global_colors_info=\u00bb{}\u00bb]<p style=\"text-align: center;\"><span style=\"color: #999999;\">Dise\u00f1ado por <a style=\"color: #999999;\" href=\"https:\/\/digital360.es\/\" target=\"_blank\" rel=\"noopener noreferrer\">DIGITAL 360<\/a> | Copyright \u00a9 2020 Off Market Madrid \u2013 C\/ Vel\u00e1zquez N\u00ba53, 2\u00baIzda.<\/span><\/p>\n<p style=\"text-align: center;\"><span style=\"color: #999999;\">___________________________<\/span><\/p>\n<h3 style=\"text-align: center;\"><span style=\"color: #808080;\"><a style=\"color: #808080;\" href=\"https:\/\/offmarketmadrid.com\/index.php\/aviso-legal\/\" target=\"_blank\" rel=\"noopener noreferrer\">Aviso legal<\/a>\u00a0\u00a0\u00a0\u00a0\u00a0 <a style=\"color: #808080;\" href=\"https:\/\/offmarketmadrid.com\/index.php\/politica-de-privacidad\/\" target=\"_blank\" rel=\"noopener noreferrer\">Pol\u00edtica de privacidad\u00a0\u00a0<\/a>\u00a0\u00a0\u00a0 <\/span><a href=\"https:\/\/offmarketmadrid.com\/index.php\/politica-de-cookies\/\" target=\"_blank\" rel=\"noopener noreferrer\"><span style=\"color: #808080;\">Pol\u00edtica de cookies<\/span><\/a><\/h3>\n<p style=\"text-align: center;\">[\/et_pb_text][\/et_pb_column][\/et_pb_row][\/et_pb_section]","protected":false},"excerpt":{"rendered":"<p>\u00bfQUIENES SOMOS?&nbsp; \u00bfQUIENES SOMOS?\u00a0La estrategia y objetivos de OFFMARKET forman un valor corporativo enfocado al cliente que requiere un equipo humano de calidad, con un alto nivel de conocimientos y especializaci\u00f3n, capaz de generar y gestionar oportunidades de negocio con rigor y eficacia. Perseguimos la generaci\u00f3n de valor, implic\u00e1ndonos al m\u00e1ximo desde el inicio de [&hellip;]<\/p>\n","protected":false},"author":1,"featured_media":0,"parent":0,"menu_order":0,"comment_status":"closed","ping_status":"closed","template":"","meta":{"_et_pb_use_builder":"on","_et_pb_old_content":"","_et_gb_content_width":"","footnotes":""},"_links":{"self":[{"href":"https:\/\/offmarketmadrid.com\/index.php\/wp-json\/wp\/v2\/pages\/14"}],"collection":[{"href":"https:\/\/offmarketmadrid.com\/index.php\/wp-json\/wp\/v2\/pages"}],"about":[{"href":"https:\/\/offmarketmadrid.com\/index.php\/wp-json\/wp\/v2\/types\/page"}],"author":[{"embeddable":true,"href":"https:\/\/offmarketmadrid.com\/index.php\/wp-json\/wp\/v2\/users\/1"}],"replies":[{"embeddable":true,"href":"https:\/\/offmarketmadrid.com\/index.php\/wp-json\/wp\/v2\/comments?post=14"}],"version-history":[{"count":0,"href":"https:\/\/offmarketmadrid.com\/index.php\/wp-json\/wp\/v2\/pages\/14\/revisions"}],"wp:attachment":[{"href":"https:\/\/offmarketmadrid.com\/index.php\/wp-json\/wp\/v2\/media?parent=14"}],"curies":[{"name":"wp","href":"https:\/\/api.w.org\/{rel}","templated":true}]}}